{"id":570,"date":"2023-11-16T15:55:48","date_gmt":"2023-11-16T14:55:48","guid":{"rendered":"https:\/\/tellbranding.ch\/?post_type=product&#038;p=570"},"modified":"2024-12-14T15:08:46","modified_gmt":"2024-12-14T14:08:46","slug":"tell-band-3-unter-falscher-flagge","status":"publish","type":"product","link":"https:\/\/tellbranding.ch\/?product=tell-band-3-unter-falscher-flagge","title":{"rendered":"TELL Band 3: Unter falscher Flagge"},"content":{"rendered":"<p>Im Abschlussband von TELL: Die Legende kehrt zur\u00fcck, machen sich TELL und die Freiheitsk\u00e4mpfer auf, den gefangenen Walter zu retten und der Herrschaft der Illuminati ein Ende zu bereiten. Aber sie haben nicht damit gerechnet, dass mit einer Explosion im Opernhaus Z\u00fcrich in der Stadt das Chaos ausbricht.<\/p>\n<p>TELL muss sofort einschreiten, bevor auch er durch einen eingebauten Selbstzerst\u00f6rungsmechanismus kampfunf\u00e4hig gemacht wird. Das Abenteuer endet in einem fulminanten H\u00f6hepunkt, der nur einen Sieger hervorbringen wird. Wer wird \u00fcberleben?<\/p>\n<p>52 Seiten, vierfarbig, Broschur<\/p>\n","protected":false},"excerpt":{"rendered":"<p>Im Abschlussband von TELL: Die Legende kehrt zur\u00fcck, machen sich TELL und die Freiheitsk\u00e4mpfer auf, den gefangenen Walter zu retten und der Herrschaft der Illuminati ein Ende zu bereiten.<\/p>\n","protected":false},"featured_media":77,"template":"","meta":[],"product_brand":[],"product_cat":[21,22],"product_tag":[],"class_list":{"0":"post-570","1":"product","2":"type-product","3":"status-publish","4":"has-post-thumbnail","6":"product_cat-buch","7":"product_cat-deutsch","8":"product_shipping_class-einzelbuch","10":"first","11":"instock","12":"shipping-taxable","13":"purchasable","14":"product-type-simple"},"_links":{"self":[{"href":"https:\/\/tellbranding.ch\/index.php?rest_route=\/wp\/v2\/product\/570","targetHints":{"allow":["GET"]}}],"collection":[{"href":"https:\/\/tellbranding.ch\/index.php?rest_route=\/wp\/v2\/product"}],"about":[{"href":"https:\/\/tellbranding.ch\/index.php?rest_route=\/wp\/v2\/types\/product"}],"wp:featuredmedia":[{"embeddable":true,"href":"https:\/\/tellbranding.ch\/index.php?rest_route=\/wp\/v2\/media\/77"}],"wp:attachment":[{"href":"https:\/\/tellbranding.ch\/index.php?rest_route=%2Fwp%2Fv2%2Fmedia&parent=570"}],"wp:term":[{"taxonomy":"product_brand","embeddable":true,"href":"https:\/\/tellbranding.ch\/index.php?rest_route=%2Fwp%2Fv2%2Fproduct_brand&post=570"},{"taxonomy":"product_cat","embeddable":true,"href":"https:\/\/tellbranding.ch\/index.php?rest_route=%2Fwp%2Fv2%2Fproduct_cat&post=570"},{"taxonomy":"product_tag","embeddable":true,"href":"https:\/\/tellbranding.ch\/index.php?rest_route=%2Fwp%2Fv2%2Fproduct_tag&post=570"}],"curies":[{"name":"wp","href":"https:\/\/api.w.org\/{rel}","templated":true}]}}