{"id":196,"date":"2023-09-28T17:45:25","date_gmt":"2023-09-28T15:45:25","guid":{"rendered":"https:\/\/tellbranding.ch\/?post_type=product&#038;p=196"},"modified":"2024-12-14T15:10:50","modified_gmt":"2024-12-14T14:10:50","slug":"walter-tell-band-1-geburtstagskind-in-gefahr","status":"publish","type":"product","link":"https:\/\/tellbranding.ch\/?product=walter-tell-band-1-geburtstagskind-in-gefahr","title":{"rendered":"Walter Tell Band 1: Geburtstagskind in Gefahr"},"content":{"rendered":"<p>Nur \u00fcber die Feiertage! 30% Rabatt auf diese Buch. CHF 15.30 statt CHF 21.95<\/p>\n<p>Walter Tell hat Geburtstag. Aber er scheint der einzige zu sein, der sich darauf freut. Seine Mutter ist besch\u00e4ftigt und sein Vater, der bekannte Wilhelm Tell, schenkt ihm auf der Jagd auch nicht genug Aufmerksamkeit. Als es dann zu einer dramatischen Begegnung mit dem jungen Herbert Gessler kommt, droht Walters Stimmung endg\u00fcltig zu kippen. Doch das ist nur der Anfang eines aufregenden Abenteuers, welches aber am Ende doch noch in einer \u00dcberraschung m\u00fcndet \u2013 und zwar f\u00fcr die ganze Familie Tell.<br \/>\nPackend geschrieben und wundersch\u00f6n illustriert, ist diese Serie um Wilhelm Tells Sohn Walter und seine Freunde bestens geeignet f\u00fcr Kinder im fr\u00fchen Lesealter.<\/p>\n","protected":false},"excerpt":{"rendered":"<p>Nur \u00fcber die Feiertage! 30% Rabatt auf diese Buch. CHF 15.30 statt CHF 21.95 Walter Tell hat Geburtstag. Aber er scheint der einzige zu sein, der sich darauf freut. Seine Mutter ist besch\u00e4ftigt und sein Vater, der bekannte Wilhelm Tell, schenkt ihm auf der Jagd auch nicht genug Aufmerksamkeit. Als es dann zu einer dramatischen Begegnung mit dem jungen Herbert Gessler kommt, droht Walters Stimmung endg\u00fcltig zu kippen. Doch das ist nur der Anfang eines aufregenden Abenteuers, welches aber am Ende doch noch in einer \u00dcberraschung m\u00fcndet \u2013 und zwar f\u00fcr die ganze Familie Tell. Packend geschrieben und wundersch\u00f6n illustriert, ist diese Serie um Wilhelm Tells Sohn Walter und seine Freunde bestens geeignet f\u00fcr Kinder im fr\u00fchen Lesealter.<\/p>\n","protected":false},"featured_media":88,"template":"","meta":[],"product_brand":[],"product_cat":[21,22],"product_tag":[],"class_list":{"0":"post-196","1":"product","2":"type-product","3":"status-publish","4":"has-post-thumbnail","6":"product_cat-buch","7":"product_cat-deutsch","8":"product_shipping_class-einzelbuch","10":"first","11":"instock","12":"shipping-taxable","13":"purchasable","14":"product-type-simple"},"_links":{"self":[{"href":"https:\/\/tellbranding.ch\/index.php?rest_route=\/wp\/v2\/product\/196","targetHints":{"allow":["GET"]}}],"collection":[{"href":"https:\/\/tellbranding.ch\/index.php?rest_route=\/wp\/v2\/product"}],"about":[{"href":"https:\/\/tellbranding.ch\/index.php?rest_route=\/wp\/v2\/types\/product"}],"wp:featuredmedia":[{"embeddable":true,"href":"https:\/\/tellbranding.ch\/index.php?rest_route=\/wp\/v2\/media\/88"}],"wp:attachment":[{"href":"https:\/\/tellbranding.ch\/index.php?rest_route=%2Fwp%2Fv2%2Fmedia&parent=196"}],"wp:term":[{"taxonomy":"product_brand","embeddable":true,"href":"https:\/\/tellbranding.ch\/index.php?rest_route=%2Fwp%2Fv2%2Fproduct_brand&post=196"},{"taxonomy":"product_cat","embeddable":true,"href":"https:\/\/tellbranding.ch\/index.php?rest_route=%2Fwp%2Fv2%2Fproduct_cat&post=196"},{"taxonomy":"product_tag","embeddable":true,"href":"https:\/\/tellbranding.ch\/index.php?rest_route=%2Fwp%2Fv2%2Fproduct_tag&post=196"}],"curies":[{"name":"wp","href":"https:\/\/api.w.org\/{rel}","templated":true}]}}