{"id":195,"date":"2023-09-28T17:32:45","date_gmt":"2023-09-28T15:32:45","guid":{"rendered":"https:\/\/tellbranding.ch\/?post_type=product&#038;p=195"},"modified":"2024-12-14T15:10:58","modified_gmt":"2024-12-14T14:10:58","slug":"drachenloch-der-baerenkult-der-neandertaler","status":"publish","type":"product","link":"https:\/\/tellbranding.ch\/?product=drachenloch-der-baerenkult-der-neandertaler","title":{"rendered":"Drachenloch: Der B\u00e4renkult der Neandertaler"},"content":{"rendered":"<p>Was die moderne Arch\u00e4ologie nie glauben wollte, erz\u00e4hlt diese Graphic Novel packend und faktentreu.<\/p>\n<p>In der Drachenloch-H\u00f6hle, oberhalb V\u00e4ttis im Kanton St. Gallen, haben die Neandertaler vor 50\u2019000 Jahren ein beeindruckendes Zeichen f\u00fcr den H\u00f6hlenb\u00e4ren gesetzt.<\/p>\n<p>Hundert Jahre nach den sensationellen Grabungen von 1917 bis 1923 blicken wir mit dieser Doku-Graphic Novel staunend in die Tiefen der Altsteinzeit zur\u00fcck.<\/p>\n<p>Diese Geschichte nimmt uns mit in die Zeit dieser europ\u00e4ischen Urmenschen und ihrer B\u00e4renjagdkultur. Eine spannende und lehrreiche Lekt\u00fcre f\u00fcr alle Altersgruppen.<\/p>\n","protected":false},"excerpt":{"rendered":"<p>Was die moderne Arch\u00e4ologie nie glauben wollte, erz\u00e4hlt diese Graphic Novel packend und faktentreu.<\/p>\n","protected":false},"featured_media":67,"template":"","meta":[],"product_brand":[],"product_cat":[21,22],"product_tag":[],"class_list":{"0":"post-195","1":"product","2":"type-product","3":"status-publish","4":"has-post-thumbnail","6":"product_cat-buch","7":"product_cat-deutsch","8":"product_shipping_class-einzelbuch","10":"first","11":"instock","12":"shipping-taxable","13":"purchasable","14":"product-type-simple"},"_links":{"self":[{"href":"https:\/\/tellbranding.ch\/index.php?rest_route=\/wp\/v2\/product\/195","targetHints":{"allow":["GET"]}}],"collection":[{"href":"https:\/\/tellbranding.ch\/index.php?rest_route=\/wp\/v2\/product"}],"about":[{"href":"https:\/\/tellbranding.ch\/index.php?rest_route=\/wp\/v2\/types\/product"}],"wp:featuredmedia":[{"embeddable":true,"href":"https:\/\/tellbranding.ch\/index.php?rest_route=\/wp\/v2\/media\/67"}],"wp:attachment":[{"href":"https:\/\/tellbranding.ch\/index.php?rest_route=%2Fwp%2Fv2%2Fmedia&parent=195"}],"wp:term":[{"taxonomy":"product_brand","embeddable":true,"href":"https:\/\/tellbranding.ch\/index.php?rest_route=%2Fwp%2Fv2%2Fproduct_brand&post=195"},{"taxonomy":"product_cat","embeddable":true,"href":"https:\/\/tellbranding.ch\/index.php?rest_route=%2Fwp%2Fv2%2Fproduct_cat&post=195"},{"taxonomy":"product_tag","embeddable":true,"href":"https:\/\/tellbranding.ch\/index.php?rest_route=%2Fwp%2Fv2%2Fproduct_tag&post=195"}],"curies":[{"name":"wp","href":"https:\/\/api.w.org\/{rel}","templated":true}]}}