{"id":192,"date":"2023-09-28T17:29:32","date_gmt":"2023-09-28T15:29:32","guid":{"rendered":"https:\/\/tellbranding.ch\/?post_type=product&#038;p=192"},"modified":"2024-12-14T15:11:06","modified_gmt":"2024-12-14T14:11:06","slug":"legendes-suisses-tome-1-legendes-fantastiques-suisses","status":"publish","type":"product","link":"https:\/\/tellbranding.ch\/?product=legendes-suisses-tome-1-legendes-fantastiques-suisses","title":{"rendered":"L\u00e9gendes suisses Tome 1 : L\u00e9gendes fantastiques suisses"},"content":{"rendered":"<p class=\"western\">La Suisse poss\u00e8de un nombre in\u00e9puisable de l\u00e9gendes fantastiques originales. Cette nouvelle s\u00e9rie adapte plusieurs des grandes l\u00e9gendes suisses sous la forme de bandes dessin\u00e9es divertissantes et faciles \u00e0 lire.<\/p>\n<p class=\"western\">Le premier tome propose une s\u00e9lection d\u2019histoires terrifiantes de diff\u00e9rentes r\u00e9gions de Suisse. Il n\u2019est pas recommand\u00e9 de lire cet album \u00e0 la lueur d\u2019une chandelle.<\/p>\n<p class=\"western\">Les histoires sont adapt\u00e9es par l\u2019auteur Peter St\u00e4ubli et magnifiquement illustr\u00e9es dans diff\u00e9rents styles par le dessinateur David Boller (La l\u00e9gende de Guillaume Tell).<\/p>\n","protected":false},"excerpt":{"rendered":"<p>La Suisse poss\u00e8de un nombre in\u00e9puisable de l\u00e9gendes fantastiques originales. Cette nouvelle s\u00e9rie adapte plusieurs des grandes l\u00e9gendes suisses sous la forme de bandes dessin\u00e9es divertissantes et faciles \u00e0 lire. Le premier tome propose une s\u00e9lection d\u2019histoires terrifiantes de diff\u00e9rentes r\u00e9gions de Suisse. Il n\u2019est pas recommand\u00e9 de lire cet album \u00e0 la lueur d\u2019une chandelle. Les histoires sont adapt\u00e9es par l\u2019auteur Peter St\u00e4ubli et magnifiquement illustr\u00e9es dans diff\u00e9rents styles par le dessinateur David Boller (La l\u00e9gende de Guillaume Tell).<\/p>\n","protected":false},"featured_media":194,"template":"","meta":[],"product_brand":[],"product_cat":[21,23],"product_tag":[],"class_list":{"0":"post-192","1":"product","2":"type-product","3":"status-publish","4":"has-post-thumbnail","6":"product_cat-buch","7":"product_cat-francais","8":"product_shipping_class-einzelbuch","10":"first","11":"instock","12":"shipping-taxable","13":"purchasable","14":"product-type-simple"},"_links":{"self":[{"href":"https:\/\/tellbranding.ch\/index.php?rest_route=\/wp\/v2\/product\/192","targetHints":{"allow":["GET"]}}],"collection":[{"href":"https:\/\/tellbranding.ch\/index.php?rest_route=\/wp\/v2\/product"}],"about":[{"href":"https:\/\/tellbranding.ch\/index.php?rest_route=\/wp\/v2\/types\/product"}],"wp:featuredmedia":[{"embeddable":true,"href":"https:\/\/tellbranding.ch\/index.php?rest_route=\/wp\/v2\/media\/194"}],"wp:attachment":[{"href":"https:\/\/tellbranding.ch\/index.php?rest_route=%2Fwp%2Fv2%2Fmedia&parent=192"}],"wp:term":[{"taxonomy":"product_brand","embeddable":true,"href":"https:\/\/tellbranding.ch\/index.php?rest_route=%2Fwp%2Fv2%2Fproduct_brand&post=192"},{"taxonomy":"product_cat","embeddable":true,"href":"https:\/\/tellbranding.ch\/index.php?rest_route=%2Fwp%2Fv2%2Fproduct_cat&post=192"},{"taxonomy":"product_tag","embeddable":true,"href":"https:\/\/tellbranding.ch\/index.php?rest_route=%2Fwp%2Fv2%2Fproduct_tag&post=192"}],"curies":[{"name":"wp","href":"https:\/\/api.w.org\/{rel}","templated":true}]}}