{"id":733,"date":"2025-01-01T13:28:11","date_gmt":"2025-01-01T12:28:11","guid":{"rendered":"https:\/\/tellbranding.ch\/?page_id=733"},"modified":"2025-01-01T13:51:39","modified_gmt":"2025-01-01T12:51:39","slug":"film","status":"publish","type":"page","link":"https:\/\/tellbranding.ch\/?page_id=733","title":{"rendered":"FILM"},"content":{"rendered":"\t\t<div data-elementor-type=\"wp-page\" data-elementor-id=\"733\" class=\"elementor elementor-733\" data-elementor-post-type=\"page\">\n\t\t\t\t\t\t<section class=\"elementor-section elementor-top-section elementor-element elementor-element-515e49b elementor-section-boxed elementor-section-height-default elementor-section-height-default wpr-particle-no wpr-jarallax-no wpr-parallax-no wpr-sticky-section-no wpr-column-slider-no wpr-equal-height-no\" data-id=\"515e49b\" data-element_type=\"section\" data-e-type=\"section\" data-settings=\"{&quot;background_background&quot;:&quot;classic&quot;}\">\n\t\t\t\t\t\t<div class=\"elementor-container elementor-column-gap-default\">\n\t\t\t\t\t<div class=\"elementor-column elementor-col-100 elementor-top-column elementor-element elementor-element-9bc0540\" data-id=\"9bc0540\" data-element_type=\"column\" data-e-type=\"column\">\n\t\t\t<div class=\"elementor-widget-wrap elementor-element-populated\">\n\t\t\t\t\t\t<div class=\"elementor-element elementor-element-58e3f89 elementor-widget elementor-widget-heading\" data-id=\"58e3f89\" data-element_type=\"widget\" data-e-type=\"widget\" data-widget_type=\"heading.default\">\n\t\t\t\t<div class=\"elementor-widget-container\">\n\t\t\t\t\t<h2 class=\"elementor-heading-title elementor-size-default\">Der grosse Wilhelm Tell Hollywood Film: Bald im Kino<\/h2>\t\t\t\t<\/div>\n\t\t\t\t<\/div>\n\t\t\t\t<section class=\"elementor-section elementor-inner-section elementor-element elementor-element-718326d elementor-section-boxed elementor-section-height-default elementor-section-height-default wpr-particle-no wpr-jarallax-no wpr-parallax-no wpr-sticky-section-no wpr-column-slider-no wpr-equal-height-no\" data-id=\"718326d\" data-element_type=\"section\" data-e-type=\"section\">\n\t\t\t\t\t\t<div class=\"elementor-container elementor-column-gap-default\">\n\t\t\t\t\t<div class=\"elementor-column elementor-col-50 elementor-inner-column elementor-element elementor-element-b9df654\" data-id=\"b9df654\" data-element_type=\"column\" data-e-type=\"column\">\n\t\t\t<div class=\"elementor-widget-wrap elementor-element-populated\">\n\t\t\t\t\t\t<div class=\"elementor-element elementor-element-6d8f284 elementor-widget elementor-widget-text-editor\" data-id=\"6d8f284\" data-element_type=\"widget\" data-e-type=\"widget\" data-widget_type=\"text-editor.default\">\n\t\t\t\t<div class=\"elementor-widget-container\">\n\t\t\t\t\t\t\t\t\t<p class=\"a-paragraph\" data-t-name=\"Paragraph\">Es ist wahrscheinlich noch immer so, dass in der Schweiz jedes Kind die Legende von Wilhelm Tell kennt. Der Schweizer Volksheld, der sich den Habsburgern nicht beugen will. Der Nationalheld, der den Hut von Gessler nicht gr\u00fcssen will und infolgedessen dazu angehalten wird, einen Apfel vom Kopf seines Sohnes Walter zu schiessen.<\/p><p class=\"a-paragraph\" data-t-name=\"Paragraph\">Es soll eine Machtdemonstration sein, die das Schweizer Volk unterjochen wird. Doch der Schuss geht \u2013 ironischerweise \u2013 nach hinten los, weil Tells Bolzen sein Ziel findet.<\/p><p class=\"a-paragraph\" data-t-name=\"Paragraph\">Das B\u00fchnenst\u00fcck von Friedrich Schiller ist scheinbar nicht nur in der Schweiz bekannt, sondern \u00fcber die Landesgrenzen hinaus. Zumindest mir war das nicht bewusst \u2013 aber jetzt weiss ich immerhin, wie sich die Schotten damals gef\u00fchlt haben, als Mel Gibson in \u00abBraveheart\u00bb ihren Nationalhelden William Wallace verk\u00f6rpert hatte.<\/p><p class=\"a-paragraph\" data-t-name=\"Paragraph\">Dies, weil sich der irische Regisseur Nick Hamm dazu entschieden hat, die Geschichte unseres Nationalhelden zu verfilmen. Es klingt absolut absurd. Ein Ire verfilmt Tell mit einem fast zwei Meter grossen D\u00e4nen in der Hauptrolle. Und Drehort ist dabei Rom, dort hat die Crew n\u00e4mlich Altdorf nachgebaut.<\/p>\t\t\t\t\t\t\t\t<\/div>\n\t\t\t\t<\/div>\n\t\t\t\t\t<\/div>\n\t\t<\/div>\n\t\t\t\t<div class=\"elementor-column elementor-col-50 elementor-inner-column elementor-element elementor-element-f7630b8\" data-id=\"f7630b8\" data-element_type=\"column\" data-e-type=\"column\">\n\t\t\t<div class=\"elementor-widget-wrap elementor-element-populated\">\n\t\t\t\t\t\t<div class=\"elementor-element elementor-element-89765be elementor-widget__width-initial elementor-widget elementor-widget-image\" data-id=\"89765be\" data-element_type=\"widget\" data-e-type=\"widget\" data-widget_type=\"image.default\">\n\t\t\t\t<div class=\"elementor-widget-container\">\n\t\t\t\t\t\t\t\t\t\t\t\t\t\t\t<img fetchpriority=\"high\" decoding=\"async\" width=\"722\" height=\"500\" src=\"https:\/\/tellbranding.ch\/wp-content\/uploads\/2025\/01\/tell_film01.jpg\" class=\"attachment-large size-large wp-image-725\" alt=\"\" srcset=\"https:\/\/tellbranding.ch\/wp-content\/uploads\/2025\/01\/tell_film01.jpg 722w, https:\/\/tellbranding.ch\/wp-content\/uploads\/2025\/01\/tell_film01-300x208.jpg 300w, https:\/\/tellbranding.ch\/wp-content\/uploads\/2025\/01\/tell_film01-600x416.jpg 600w\" sizes=\"(max-width: 722px) 100vw, 722px\" \/>\t\t\t\t\t\t\t\t\t\t\t\t\t\t\t<\/div>\n\t\t\t\t<\/div>\n\t\t\t\t\t<\/div>\n\t\t<\/div>\n\t\t\t\t\t<\/div>\n\t\t<\/section>\n\t\t\t\t<section class=\"elementor-section elementor-inner-section elementor-element elementor-element-6198b28 elementor-section-boxed elementor-section-height-default elementor-section-height-default wpr-particle-no wpr-jarallax-no wpr-parallax-no wpr-sticky-section-no wpr-column-slider-no wpr-equal-height-no\" data-id=\"6198b28\" data-element_type=\"section\" data-e-type=\"section\">\n\t\t\t\t\t\t<div class=\"elementor-container elementor-column-gap-default\">\n\t\t\t\t\t<div class=\"elementor-column elementor-col-50 elementor-inner-column elementor-element elementor-element-976db66\" data-id=\"976db66\" data-element_type=\"column\" data-e-type=\"column\">\n\t\t\t<div class=\"elementor-widget-wrap elementor-element-populated\">\n\t\t\t\t\t\t<div class=\"elementor-element elementor-element-8c7f513 elementor-widget elementor-widget-image\" data-id=\"8c7f513\" data-element_type=\"widget\" data-e-type=\"widget\" data-widget_type=\"image.default\">\n\t\t\t\t<div class=\"elementor-widget-container\">\n\t\t\t\t\t\t\t\t\t\t\t\t\t\t\t<img decoding=\"async\" width=\"647\" height=\"500\" src=\"https:\/\/tellbranding.ch\/wp-content\/uploads\/2025\/01\/tell_film02.jpg\" class=\"attachment-large size-large wp-image-723\" alt=\"\" srcset=\"https:\/\/tellbranding.ch\/wp-content\/uploads\/2025\/01\/tell_film02.jpg 647w, https:\/\/tellbranding.ch\/wp-content\/uploads\/2025\/01\/tell_film02-300x232.jpg 300w, https:\/\/tellbranding.ch\/wp-content\/uploads\/2025\/01\/tell_film02-600x464.jpg 600w\" sizes=\"(max-width: 647px) 100vw, 647px\" \/>\t\t\t\t\t\t\t\t\t\t\t\t\t\t\t<\/div>\n\t\t\t\t<\/div>\n\t\t\t\t\t<\/div>\n\t\t<\/div>\n\t\t\t\t<div class=\"elementor-column elementor-col-50 elementor-inner-column elementor-element elementor-element-d7551ee\" data-id=\"d7551ee\" data-element_type=\"column\" data-e-type=\"column\">\n\t\t\t<div class=\"elementor-widget-wrap elementor-element-populated\">\n\t\t\t\t\t\t<div class=\"elementor-element elementor-element-2be3c5b elementor-widget elementor-widget-text-editor\" data-id=\"2be3c5b\" data-element_type=\"widget\" data-e-type=\"widget\" data-widget_type=\"text-editor.default\">\n\t\t\t\t<div class=\"elementor-widget-container\">\n\t\t\t\t\t\t\t\t\t<p class=\"a-paragraph\" data-t-name=\"Paragraph\">Am Zurich Film Festival hat das Filmepos \u00abWilliam Tell\u00bb Premiere gefeiert \u2013 und ich muss gestehen, es ist skurril. Nat\u00fcrlich sprechen alle Englisch, geben sich bei Begriffen wie \u00abUri\u00bb, \u00abUnterwalden\u00bb oder \u00abK\u00fcssnacht\u00bb aber alle M\u00fche.<\/p><p class=\"a-paragraph\" data-t-name=\"Paragraph\">Nick Hamm will also sogar eine Fortsetzung aufgleisen? Ein ganzes Franchise mit Tell an der Front vielleicht? Das wird mit grosser Sicherheit nichts. Es ist eine Entscheidung, die ich nicht nachvollziehen kann \u2013 aber welche Filme lassen heutzutage schon nicht Luft f\u00fcr ein Sequel. Zu viele leider.Alles in allem ist \u00abWilliam Tell\u00bb f\u00fcr Schweizer*innen wohl eine eher lachhafte Darstellung des Volkshelden. Eventuell findet der Film aber international sein Publikum. Einen Schweizer Kinostart hat das Drama noch nicht, der d\u00fcrfte aber noch folgen.<\/p><p data-t-name=\"Paragraph\">Wir haben allerdings schon den Comic zum Film. Jetzt im Shop erh\u00e4ltlich.<\/p>\t\t\t\t\t\t\t\t<\/div>\n\t\t\t\t<\/div>\n\t\t\t\t\t<\/div>\n\t\t<\/div>\n\t\t\t\t\t<\/div>\n\t\t<\/section>\n\t\t\t\t<section class=\"elementor-section elementor-inner-section elementor-element elementor-element-0591932 elementor-section-boxed elementor-section-height-default elementor-section-height-default wpr-particle-no wpr-jarallax-no wpr-parallax-no wpr-sticky-section-no wpr-column-slider-no wpr-equal-height-no\" data-id=\"0591932\" data-element_type=\"section\" data-e-type=\"section\" data-settings=\"{&quot;background_background&quot;:&quot;classic&quot;}\">\n\t\t\t\t\t\t<div class=\"elementor-container elementor-column-gap-default\">\n\t\t\t\t\t<div class=\"elementor-column elementor-col-50 elementor-inner-column elementor-element elementor-element-75a8c75\" data-id=\"75a8c75\" data-element_type=\"column\" data-e-type=\"column\">\n\t\t\t<div class=\"elementor-widget-wrap elementor-element-populated\">\n\t\t\t\t\t\t<div class=\"elementor-element elementor-element-b4c9bd2 elementor-widget elementor-widget-heading\" data-id=\"b4c9bd2\" data-element_type=\"widget\" data-e-type=\"widget\" data-widget_type=\"heading.default\">\n\t\t\t\t<div class=\"elementor-widget-container\">\n\t\t\t\t\t<h2 class=\"elementor-heading-title elementor-size-default\">Der Comic zum Film<\/h2>\t\t\t\t<\/div>\n\t\t\t\t<\/div>\n\t\t\t\t<div class=\"elementor-element elementor-element-edc914d elementor-widget elementor-widget-heading\" data-id=\"edc914d\" data-element_type=\"widget\" data-e-type=\"widget\" data-widget_type=\"heading.default\">\n\t\t\t\t<div class=\"elementor-widget-container\">\n\t\t\t\t\t<h2 class=\"elementor-heading-title elementor-size-default\">Das Comic-Buch erz\u00e4hlt die Geschichte des Schweizer Nationalhelden Wilhelm Tell. Seinen Kampf gegen Landvogt Gessler und f\u00fcr eine unabh\u00e4ngige Eidgenossenschaft gegen das habsburgische Imperium im fr\u00fchen 14. Jahrhundert. Originalgetreu von Schillers bekannter Geschichte adaptiert, und mit detailreichen und sch\u00f6nen Zeichnungen versehen, bietet dieser Comic das ideale Lesevergn\u00fcgen f\u00fcr alle Altersgruppen. \n\nDiese neue Adaption von \u201cDie Legende von Wilhelm Tell\u201d ist ein moderner und einfach zug\u00e4nglicher Comic, der neue Leser f\u00fcr den Mythos begeistern wird<\/h2>\t\t\t\t<\/div>\n\t\t\t\t<\/div>\n\t\t\t\t<div class=\"elementor-element elementor-element-b410e08 elementor-widget elementor-widget-button\" data-id=\"b410e08\" data-element_type=\"widget\" data-e-type=\"widget\" data-widget_type=\"button.default\">\n\t\t\t\t<div class=\"elementor-widget-container\">\n\t\t\t\t\t\t\t\t\t<div class=\"elementor-button-wrapper\">\n\t\t\t\t\t<a class=\"elementor-button elementor-button-link elementor-size-sm\" href=\"https:\/\/tellbranding.ch\/?page_id=27\">\n\t\t\t\t\t\t<span class=\"elementor-button-content-wrapper\">\n\t\t\t\t\t\t\t\t\t<span class=\"elementor-button-text\">Jetzt kaufen<\/span>\n\t\t\t\t\t<\/span>\n\t\t\t\t\t<\/a>\n\t\t\t\t<\/div>\n\t\t\t\t\t\t\t\t<\/div>\n\t\t\t\t<\/div>\n\t\t\t\t\t<\/div>\n\t\t<\/div>\n\t\t\t\t<div class=\"elementor-column elementor-col-50 elementor-inner-column elementor-element elementor-element-fa7c366\" data-id=\"fa7c366\" data-element_type=\"column\" data-e-type=\"column\">\n\t\t\t<div class=\"elementor-widget-wrap elementor-element-populated\">\n\t\t\t\t\t\t<div class=\"elementor-element elementor-element-9c5e951 elementor-widget elementor-widget-image\" data-id=\"9c5e951\" data-element_type=\"widget\" data-e-type=\"widget\" data-widget_type=\"image.default\">\n\t\t\t\t<div class=\"elementor-widget-container\">\n\t\t\t\t\t\t\t\t\t\t\t\t\t\t\t<img decoding=\"async\" width=\"552\" height=\"800\" src=\"https:\/\/tellbranding.ch\/wp-content\/uploads\/2023\/09\/product_tell01_dt.jpg\" class=\"attachment-full size-full wp-image-71\" alt=\"\" srcset=\"https:\/\/tellbranding.ch\/wp-content\/uploads\/2023\/09\/product_tell01_dt.jpg 552w, https:\/\/tellbranding.ch\/wp-content\/uploads\/2023\/09\/product_tell01_dt-207x300.jpg 207w\" sizes=\"(max-width: 552px) 100vw, 552px\" \/>\t\t\t\t\t\t\t\t\t\t\t\t\t\t\t<\/div>\n\t\t\t\t<\/div>\n\t\t\t\t\t<\/div>\n\t\t<\/div>\n\t\t\t\t\t<\/div>\n\t\t<\/section>\n\t\t\t\t\t<\/div>\n\t\t<\/div>\n\t\t\t\t\t<\/div>\n\t\t<\/section>\n\t\t\t\t<\/div>\n\t\t","protected":false},"excerpt":{"rendered":"<p>Der grosse Wilhelm Tell Hollywood Film: Bald im Kino Es ist wahrscheinlich noch immer so, dass in der Schweiz jedes Kind die Legende von Wilhelm Tell kennt. Der Schweizer Volksheld, der sich den Habsburgern nicht beugen will. Der Nationalheld, der den Hut von Gessler nicht gr\u00fcssen will und infolgedessen dazu angehalten wird, einen Apfel vom Kopf seines Sohnes Walter zu schiessen. Es soll eine Machtdemonstration sein, die das Schweizer Volk unterjochen wird. Doch der Schuss geht \u2013 ironischerweise \u2013 nach hinten los, weil Tells Bolzen sein Ziel findet. Das B\u00fchnenst\u00fcck von Friedrich Schiller ist scheinbar nicht nur in der Schweiz bekannt, sondern \u00fcber die Landesgrenzen hinaus. Zumindest mir war das nicht bewusst \u2013 aber jetzt weiss ich immerhin, wie sich die Schotten damals gef\u00fchlt haben, als Mel Gibson in \u00abBraveheart\u00bb ihren Nationalhelden William Wallace verk\u00f6rpert hatte. Dies, weil sich der irische Regisseur Nick Hamm dazu entschieden hat, die Geschichte unseres Nationalhelden zu verfilmen. Es klingt absolut absurd. Ein Ire verfilmt Tell mit einem fast zwei Meter grossen D\u00e4nen in der Hauptrolle. Und Drehort ist dabei Rom, dort hat die Crew n\u00e4mlich Altdorf nachgebaut. Am Zurich Film Festival hat das Filmepos \u00abWilliam Tell\u00bb Premiere gefeiert \u2013 und ich muss gestehen, es ist skurril. Nat\u00fcrlich sprechen alle Englisch, geben sich bei Begriffen wie \u00abUri\u00bb, \u00abUnterwalden\u00bb oder \u00abK\u00fcssnacht\u00bb aber alle M\u00fche. Nick Hamm will also sogar eine Fortsetzung aufgleisen? Ein ganzes Franchise mit Tell an der Front vielleicht? Das wird mit grosser Sicherheit nichts. Es ist eine Entscheidung, die ich nicht nachvollziehen kann \u2013 aber welche Filme lassen heutzutage schon nicht Luft f\u00fcr ein Sequel. Zu viele leider.Alles in allem ist \u00abWilliam Tell\u00bb f\u00fcr Schweizer*innen wohl eine eher lachhafte Darstellung des Volkshelden. Eventuell findet der Film aber international sein Publikum. Einen Schweizer Kinostart hat das Drama noch nicht, der d\u00fcrfte aber noch folgen. Wir haben allerdings schon den Comic zum Film. Jetzt im Shop erh\u00e4ltlich. Der Comic zum Film Das Comic-Buch erz\u00e4hlt die Geschichte des Schweizer Nationalhelden Wilhelm Tell. Seinen Kampf gegen Landvogt Gessler und f\u00fcr eine unabh\u00e4ngige Eidgenossenschaft gegen das habsburgische Imperium im fr\u00fchen 14. Jahrhundert. Originalgetreu von Schillers bekannter Geschichte adaptiert, und mit detailreichen und sch\u00f6nen Zeichnungen versehen, bietet dieser Comic das ideale Lesevergn\u00fcgen f\u00fcr alle Altersgruppen. Diese neue Adaption von \u201cDie Legende von Wilhelm Tell\u201d ist ein moderner und einfach zug\u00e4nglicher Comic, der neue Leser f\u00fcr den Mythos begeistern wird Jetzt kaufen<\/p>\n","protected":false},"author":1,"featured_media":0,"parent":0,"menu_order":0,"comment_status":"closed","ping_status":"closed","template":"","meta":{"footnotes":""},"class_list":["post-733","page","type-page","status-publish","hentry"],"_links":{"self":[{"href":"https:\/\/tellbranding.ch\/index.php?rest_route=\/wp\/v2\/pages\/733","targetHints":{"allow":["GET"]}}],"collection":[{"href":"https:\/\/tellbranding.ch\/index.php?rest_route=\/wp\/v2\/pages"}],"about":[{"href":"https:\/\/tellbranding.ch\/index.php?rest_route=\/wp\/v2\/types\/page"}],"author":[{"embeddable":true,"href":"https:\/\/tellbranding.ch\/index.php?rest_route=\/wp\/v2\/users\/1"}],"replies":[{"embeddable":true,"href":"https:\/\/tellbranding.ch\/index.php?rest_route=%2Fwp%2Fv2%2Fcomments&post=733"}],"version-history":[{"count":13,"href":"https:\/\/tellbranding.ch\/index.php?rest_route=\/wp\/v2\/pages\/733\/revisions"}],"predecessor-version":[{"id":753,"href":"https:\/\/tellbranding.ch\/index.php?rest_route=\/wp\/v2\/pages\/733\/revisions\/753"}],"wp:attachment":[{"href":"https:\/\/tellbranding.ch\/index.php?rest_route=%2Fwp%2Fv2%2Fmedia&parent=733"}],"curies":[{"name":"wp","href":"https:\/\/api.w.org\/{rel}","templated":true}]}}