{"id":300,"date":"2023-09-28T21:07:42","date_gmt":"2023-09-28T19:07:42","guid":{"rendered":"https:\/\/tellbranding.ch\/?page_id=300"},"modified":"2023-09-29T09:56:51","modified_gmt":"2023-09-29T07:56:51","slug":"checkout","status":"publish","type":"page","link":"https:\/\/tellbranding.ch\/?page_id=300","title":{"rendered":"Checkout"},"content":{"rendered":"\t\t<div data-elementor-type=\"wp-page\" data-elementor-id=\"300\" class=\"elementor elementor-300\" data-elementor-post-type=\"page\">\n\t\t\t\t\t\t<section class=\"elementor-section elementor-top-section elementor-element elementor-element-a367c30 elementor-section-boxed elementor-section-height-default elementor-section-height-default wpr-particle-no wpr-jarallax-no wpr-parallax-no wpr-sticky-section-no wpr-equal-height-no\" data-id=\"a367c30\" data-element_type=\"section\" data-e-type=\"section\" data-settings=\"{&quot;background_background&quot;:&quot;gradient&quot;}\">\n\t\t\t\t\t\t<div class=\"elementor-container elementor-column-gap-default\">\n\t\t\t\t\t<div class=\"elementor-column elementor-col-100 elementor-top-column elementor-element elementor-element-b258a2f\" data-id=\"b258a2f\" data-element_type=\"column\" data-e-type=\"column\">\n\t\t\t<div class=\"elementor-widget-wrap elementor-element-populated\">\n\t\t\t\t\t\t<div class=\"elementor-element elementor-element-7e155f3 e-checkout-layout-two-column elementor-widget elementor-widget-woocommerce-checkout-page\" data-id=\"7e155f3\" data-element_type=\"widget\" data-e-type=\"widget\" data-widget_type=\"woocommerce-checkout-page.default\">\n\t\t\t\t<div class=\"elementor-widget-container\">\n\t\t\t\t\t<div class=\"woocommerce\"><div class=\"woocommerce-notices-wrapper\"><\/div><\/div>\t\t\t\t<\/div>\n\t\t\t\t<\/div>\n\t\t\t\t\t<\/div>\n\t\t<\/div>\n\t\t\t\t\t<\/div>\n\t\t<\/section>\n\t\t\t\t<\/div>\n\t\t","protected":false},"excerpt":{"rendered":"<p>Rechnungsadresse Vorname&nbsp;* Nachname&nbsp;* Firma&nbsp;(optional) Country \/ Region&nbsp;*Switzerland Street address&nbsp;* Apartment, suite, unit, etc.&nbsp;(optional) Postcode \/ ZIP&nbsp;* Town \/ City&nbsp;* Canton&nbsp;(optional)Select an option&hellip;AargauAppenzell AusserrhodenAppenzell InnerrhodenBasel-LandschaftBasel-StadtBernFribourgGenevaGlarusGraub\u00fcndenJuraLuzernNeuch\u00e2telNidwaldenObwaldenSchaffhausenSchwyzSolothurnSt. GallenThurgauTicinoUriValaisVaudZugZ\u00fcrich Telefon&nbsp;* Email Addresse&nbsp;* An andere Adresse versenden Vorname&nbsp;* Nachname&nbsp;* Firma&nbsp;(optional) Country \/ Region&nbsp;*Switzerland Street address&nbsp;* Apartment, suite, unit, etc.&nbsp;(optional) Postcode \/ ZIP&nbsp;* Town \/ City&nbsp;* Canton&nbsp;(optional)Select an option&hellip;AargauAppenzell AusserrhodenAppenzell InnerrhodenBasel-LandschaftBasel-StadtBernFribourgGenevaGlarusGraub\u00fcndenJuraLuzernNeuch\u00e2telNidwaldenObwaldenSchaffhausenSchwyzSolothurnSt. GallenThurgauTicinoUriValaisVaudZugZ\u00fcrich Order notes&nbsp;(optional) Ihre Bestellung Product Subtotal Drachenloch: Der B\u00e4renkult der Neandertaler&nbsp; &times;&nbsp;1 &#67;&#72;&#70;23.95 Subtotal &#67;&#72;&#70;23.95 Shipping Flat rate: &#67;&#72;&#70;5.00 Total &#67;&#72;&#70;28.95 PayPal Pay via PayPal. Since your browser does not support JavaScript, or it is disabled, please ensure you click the Update Totals button before placing your order. You may be charged more than the amount stated above if you fail to do so. Update totals Your personal data will be used to process your order, support your experience throughout this website, and for other purposes described in our privacy policy. Place order<\/p>\n","protected":false},"author":1,"featured_media":0,"parent":0,"menu_order":0,"comment_status":"closed","ping_status":"closed","template":"","meta":{"footnotes":""},"class_list":["post-300","page","type-page","status-publish","hentry"],"_links":{"self":[{"href":"https:\/\/tellbranding.ch\/index.php?rest_route=\/wp\/v2\/pages\/300","targetHints":{"allow":["GET"]}}],"collection":[{"href":"https:\/\/tellbranding.ch\/index.php?rest_route=\/wp\/v2\/pages"}],"about":[{"href":"https:\/\/tellbranding.ch\/index.php?rest_route=\/wp\/v2\/types\/page"}],"author":[{"embeddable":true,"href":"https:\/\/tellbranding.ch\/index.php?rest_route=\/wp\/v2\/users\/1"}],"replies":[{"embeddable":true,"href":"https:\/\/tellbranding.ch\/index.php?rest_route=%2Fwp%2Fv2%2Fcomments&post=300"}],"version-history":[{"count":13,"href":"https:\/\/tellbranding.ch\/index.php?rest_route=\/wp\/v2\/pages\/300\/revisions"}],"predecessor-version":[{"id":364,"href":"https:\/\/tellbranding.ch\/index.php?rest_route=\/wp\/v2\/pages\/300\/revisions\/364"}],"wp:attachment":[{"href":"https:\/\/tellbranding.ch\/index.php?rest_route=%2Fwp%2Fv2%2Fmedia&parent=300"}],"curies":[{"name":"wp","href":"https:\/\/api.w.org\/{rel}","templated":true}]}}